{"id":15,"date":"2014-04-29T11:39:24","date_gmt":"2014-04-29T14:39:24","guid":{"rendered":"http:\/\/www.sinnatural.com.br\/?page_id=15"},"modified":"2025-09-08T11:35:29","modified_gmt":"2025-09-08T14:35:29","slug":"como-se-filiar","status":"publish","type":"page","link":"https:\/\/www.sinnatural.com.br\/sindicato\/como-se-filiar\/","title":{"rendered":"COMO SE FILIAR"},"content":{"rendered":"<h1 style=\"text-align: center;\">Como se filiar?<\/h1>\n<p><strong>CRIT\u00c9RIOS PARA AFILIA\u00c7\u00c3O DE PESSOA F\u00cdSICA COM BASE NA LEGISLA\u00c7\u00c3O<\/strong><\/p>\n<p><em><strong>O profissional Terapeuta, ao solicitar o pedido de afilia\u00e7\u00e3o ao Sinnatural deve:<\/strong><\/em><\/p>\n<ol>\n<li>Apresentar a Proposta de Ades\u00e3o (ficha de Inscri\u00e7\u00e3o), que deve <strong>ser baixada <\/strong>atrav\u00e9s do link<a href=\"http:\/\/www.sinnatural.com.br\/proposta-de-filiacao.doc\"> http:\/\/www.sinnatural.com.br\/proposta-de-filiacao<\/a><\/li>\n<li>Preencher em seu computador. Ser\u00e1 necess\u00e1rio ter o programa microsoft word instalado.<\/li>\n<li>Xerox autenticada do RG.<\/li>\n<li>Xerox autenticada do CPF.<\/li>\n<li>Uma foto 3X4.<\/li>\n<li>Comprovante de resid\u00eancia atualizado.<\/li>\n<li>Certificado de conclus\u00e3o de segundo grau ou n\u00edvel superior (os casos de escolaridade incompleta ser\u00e3o analisados pela diretoria do Sinnatural). C\u00f3pia autenticada dos certificados de forma\u00e7\u00e3o em terapias naturais que queira enviar para certifica\u00e7\u00e3o.<\/li>\n<li>Atestado de bons antecedentes expedido pela Pol\u00edcia Civil de Minas Gerais no endere\u00e7o\u00a0<a href=\"https:\/\/wwws.pc.mg.gov.br\/atestado\/inicial.do;jsessionid=1C736E96D58B12726110B1A5D5906EAF?evento=cookie\">wwws.pc.mg.gov.br<\/a><\/li>\n<li style=\"text-align: justify;\"><span style=\"text-decoration: underline;\"><strong><span style=\"color: #3366ff; text-decoration: underline;\">Taxa de afilia\u00e7\u00e3o &#8211; R$ 300,00 (trezentos reais) por ano corrido (12 meses a contar da data de afilia\u00e7\u00e3o<\/span><\/strong><\/span>, os quais devem ser depositados na conta do\u00a0<strong>Sinnatural, junto a CEF \u2013 Caixa Econ\u00f4mica Federal, Ag\u00eancia 2983, Opera\u00e7\u00e3o 003, Conta Corrente 1369-8<\/strong>. O comprovante de dep\u00f3sito deve ser enviado junto com os outros documentos listados nesta resolu\u00e7\u00e3o.<\/li>\n<li style=\"text-align: justify;\"><strong><span style=\"color: #ff0000;\">O prazo para registro e emiss\u00e3o de carteira e certificado \u00e9 de 15 dias a contar do recebimento da documenta\u00e7\u00e3o na sede do sindicato.<\/span><\/strong><\/li>\n<li style=\"text-align: justify;\">Apresentar a carga hor\u00e1ria m\u00ednima de cursos comprovados atrav\u00e9s de fotoc\u00f3pia autenticada dos cursos realizados, com hist\u00f3rico e carga hor\u00e1ria no verso, e reconhecimento da entidade respons\u00e1vel ou facilitador, em cart\u00f3rio. Para as atividades de forma\u00e7\u00e3o terap\u00eautica o Sinnatural est\u00e1 exigindo as seguintes cargas hor\u00e1rias: <strong>08\u00a0horas para Florais, 24 horas para Reiki, 16 horas para auriculoterapia, 100\u00a0horas para massoterapia, 100 horas para Naturoterapia e\/ou Naturopatia (diversas \u00e1reas de atua\u00e7\u00e3o acumuladas), 400 horas para Homeopatia; 400 horas para Acupuntura, 32 horas para fitoterapia,\u00a0<\/strong><span style=\"text-decoration: underline;\">sendo poss\u00edvel a soma de diversos cursos para um somat\u00f3rio final de horas de forma\u00e7\u00e3o a ser certificada pelo Sinnatural<\/span>. Outras \u00e1reas de atua\u00e7\u00e3o Terap\u00eautica que venham a solicitar afilia\u00e7\u00e3o ao Sinnatural ter\u00e3o seus pedidos analisados caso a caso.<\/li>\n<li style=\"text-align: justify;\">No prazo de renova\u00e7\u00e3o, o Terapeuta poder\u00e1 incluir na carteira de identidade profissional e certid\u00e3o de terapeuta, novas especializa\u00e7\u00f5es ap\u00f3s apresentar ao sindicato a x\u00e9rox autenticada dos certificados dos cursos realizados ao longo do ano.<\/li>\n<li style=\"text-align: justify;\">Toda documenta\u00e7\u00e3o deve ser enviada por carta ao endere\u00e7o do\u00a0<strong><strong>Sinnatural, <\/strong><\/strong>Rua Domingos de Souza Bastos, 121, CEP: 30692-660 Tirol \u2013 Maril\u00e2ndia, Belo Horizonte \u2013 MG.<\/li>\n<li style=\"text-align: justify;\"><strong><span style=\"color: #339966;\"><span style=\"color: #ff0000;\">Favor enviar os documentos<\/span> <span style=\"color: #ff0000;\">via carta simples, e, caso queira, com registro para eventual rastreamento junto aos correios.<\/span><\/span><\/strong><\/li>\n<\/ol>\n<p>Para finalizar n\u00e3o se esque\u00e7a, Terapeuta forte \u00e9 Terapeuta unido.<\/p>\n<p>Sinnatural \u2013 Abrace esta ideia!<\/p>\n","protected":false},"excerpt":{"rendered":"<p>Como se filiar? CRIT\u00c9RIOS PARA AFILIA\u00c7\u00c3O DE PESSOA F\u00cdSICA COM BASE NA LEGISLA\u00c7\u00c3O O profissional Terapeuta, ao solicitar o pedido de afilia\u00e7\u00e3o ao Sinnatural deve: Apresentar a Proposta de Ades\u00e3o (ficha de Inscri\u00e7\u00e3o), que deve ser baixada atrav\u00e9s do link http:\/\/www.sinnatural.com.br\/proposta-de-filiacao Preencher em seu computador. Ser\u00e1 necess\u00e1rio ter o programa microsoft word instalado. Xerox autenticada [&hellip;]<\/p>\n","protected":false},"author":1,"featured_media":0,"parent":0,"menu_order":0,"comment_status":"closed","ping_status":"closed","template":"","meta":{"footnotes":""},"class_list":["post-15","page","type-page","status-publish","hentry"],"_links":{"self":[{"href":"https:\/\/www.sinnatural.com.br\/sindicato\/wp-json\/wp\/v2\/pages\/15","targetHints":{"allow":["GET"]}}],"collection":[{"href":"https:\/\/www.sinnatural.com.br\/sindicato\/wp-json\/wp\/v2\/pages"}],"about":[{"href":"https:\/\/www.sinnatural.com.br\/sindicato\/wp-json\/wp\/v2\/types\/page"}],"author":[{"embeddable":true,"href":"https:\/\/www.sinnatural.com.br\/sindicato\/wp-json\/wp\/v2\/users\/1"}],"replies":[{"embeddable":true,"href":"https:\/\/www.sinnatural.com.br\/sindicato\/wp-json\/wp\/v2\/comments?post=15"}],"version-history":[{"count":10,"href":"https:\/\/www.sinnatural.com.br\/sindicato\/wp-json\/wp\/v2\/pages\/15\/revisions"}],"predecessor-version":[{"id":373,"href":"https:\/\/www.sinnatural.com.br\/sindicato\/wp-json\/wp\/v2\/pages\/15\/revisions\/373"}],"wp:attachment":[{"href":"https:\/\/www.sinnatural.com.br\/sindicato\/wp-json\/wp\/v2\/media?parent=15"}],"curies":[{"name":"wp","href":"https:\/\/api.w.org\/{rel}","templated":true}]}}