{"id":243,"date":"2016-01-13T15:11:33","date_gmt":"2016-01-13T18:11:33","guid":{"rendered":"http:\/\/www.sinnatural.com.br\/?page_id=243"},"modified":"2016-01-13T15:11:33","modified_gmt":"2016-01-13T18:11:33","slug":"febrate-federacao-brasileira-dos-terapeutas-2","status":"publish","type":"page","link":"https:\/\/www.sinnatural.com.br\/sindicato\/febrate-federacao-brasileira-dos-terapeutas-2\/","title":{"rendered":"FEBRATE \u2013 Federa\u00e7\u00e3o Brasileira dos Terapeutas"},"content":{"rendered":"<p style=\"text-align: justify;\"><a href=\"http:\/\/www.sinnatural.com.br\/wp-content\/uploads\/2014\/10\/Logo-FEBRATE-03.jpg\"><img loading=\"lazy\" decoding=\"async\" class=\"alignnone  wp-image-162\" src=\"http:\/\/www.sinnatural.com.br\/wp-content\/uploads\/2014\/10\/Logo-FEBRATE-03.jpg\" alt=\"Logo FEBRATE 03\" width=\"229\" height=\"152\" \/><\/a><\/p>\n<p style=\"text-align: justify;\">A Federa\u00e7\u00e3o Brasileira dos Terapeutas \u2013 FEBRATE \u2013 \u00a0foi fundada em 29 de agosto de 2013 no Rio de Janeiro e registrada no 3\u00b0 Registro de T\u00edtulos e Documentos das Pessoas Jur\u00eddicas de Porto Alegre-RS, sob o N\u00b01511, Livro A-6, Fls.17, em 01 de novembro de 2013. CNPJ 19.447.995\/0001-61, cadastro municipal N\u00b0 268958.20, na Prefeitura de Porto Alegre, com sede nesta capital.<\/p>\n<p style=\"text-align: justify;\">As institui\u00e7\u00f5es fundadoras desta Federa\u00e7\u00e3o foram: a Associa\u00e7\u00e3o Brasileira de Massoterapia Cl\u00ednica \u2013 ABRANC e os seguintes Sindicatos \u2013 Sindicato dos Terapeutas do Estado do Rio Grande do Sul \u2013 SINTER\/RS, Sindicato dos Terapeutas Naturistas do Estado do Rio de Janeiro \u2013 SINTEN\/RJ, <strong>Sindicato dos Profissionais em Terapias Naturais, Energ\u00e9ticas, Integrativas e Complementares do Estado de Minas Gerais \u2013 SINNATURAL<\/strong>, Sindicato dos Terapeutas Hol\u00edsticos da Bahia \u2013 SINTH\/BA, Sindicato dos Terapeutas do Estado do Mato Grosso \u2013 SINTER\/MT, Sindicato dos Terapeutas do Estado da Para\u00edba \u2013 SINTE\/PB, Sindicato dos Terapeutas Hol\u00edsticos e Alternativos do Estado do Paran\u00e1 \u2013 SINTHALPAR, Sindicato dos Terapeutas do Estado de Santa Catarina \u2013 SINT\/SC.<\/p>\n<p style=\"text-align: justify;\">Tendo como fun\u00e7\u00e3o principal, organizar a n\u00edvel federal os sindicatos de Terapeutas dos estados e todas as institui\u00e7\u00f5es correlatas, a Febrate ainda possui representa\u00e7\u00e3o na capital Federal com intuito de aumentar nossa luta pela regulamenta\u00e7\u00e3o da profiss\u00e3o.<\/p>\n<p style=\"text-align: justify;\">Para ampliar sua for\u00e7a de atua\u00e7\u00e3o a Febrate esta aberta \u00e0 todos os Sindicatos que vierem a se agregar, dentre os que j\u00e1 est\u00e3o estruturados e aqueles que vierem a ser fundados, bastando declarar sua ades\u00e3o. Igual abertura existe para as associa\u00e7\u00f5es que representem uma ou mais categorias Terap\u00eauticas.<\/p>\n<p style=\"text-align: justify;\">Enfim s\u00e3o representados pela Febrate todos os Sindicatos e as Associa\u00e7\u00f5es de Terapeutas do Brasil. A Febrate representa e defende mais de noventa \u00e1reas terap\u00eauticas com suas t\u00e9cnicas pr\u00f3prias de atendimento na sa\u00fade. Tais terapias, para al\u00e9m da sa\u00fade f\u00edsica, adentram a sa\u00fade preventiva, sutil, energ\u00e9tica e vibracional, muitas delas com reconhecimento na Comiss\u00e3o Nacional de Classifica\u00e7\u00e3o do Minist\u00e9rio do Trabalho e Emprego \u2013 CONCLA, atrav\u00e9s de c\u00f3digo pr\u00f3prio na Classifica\u00e7\u00e3o Brasileira de Ocupa\u00e7\u00f5es \u2013 CBO.<\/p>\n<p style=\"text-align: justify;\">Unidos em favor de um s\u00f3 ideal, vamos construindo nossas interven\u00e7\u00f5es em favor de toda uma classe profissional, sendo nosso maior orgulho defender os interesses de todos aqueles que fazem de suas atividades terap\u00eauticas um sacerd\u00f3cio em favor do bem comum.<\/p>\n","protected":false},"excerpt":{"rendered":"<p>A Federa\u00e7\u00e3o Brasileira dos Terapeutas \u2013 FEBRATE \u2013 \u00a0foi fundada em 29 de agosto de 2013 no Rio de Janeiro e registrada no 3\u00b0 Registro de T\u00edtulos e Documentos das Pessoas Jur\u00eddicas de Porto Alegre-RS, sob o N\u00b01511, Livro A-6, Fls.17, em 01 de novembro de 2013. CNPJ 19.447.995\/0001-61, cadastro municipal N\u00b0 268958.20, na Prefeitura [&hellip;]<\/p>\n","protected":false},"author":1,"featured_media":0,"parent":0,"menu_order":0,"comment_status":"closed","ping_status":"closed","template":"","meta":{"footnotes":""},"class_list":["post-243","page","type-page","status-publish","hentry"],"_links":{"self":[{"href":"https:\/\/www.sinnatural.com.br\/sindicato\/wp-json\/wp\/v2\/pages\/243","targetHints":{"allow":["GET"]}}],"collection":[{"href":"https:\/\/www.sinnatural.com.br\/sindicato\/wp-json\/wp\/v2\/pages"}],"about":[{"href":"https:\/\/www.sinnatural.com.br\/sindicato\/wp-json\/wp\/v2\/types\/page"}],"author":[{"embeddable":true,"href":"https:\/\/www.sinnatural.com.br\/sindicato\/wp-json\/wp\/v2\/users\/1"}],"replies":[{"embeddable":true,"href":"https:\/\/www.sinnatural.com.br\/sindicato\/wp-json\/wp\/v2\/comments?post=243"}],"version-history":[{"count":1,"href":"https:\/\/www.sinnatural.com.br\/sindicato\/wp-json\/wp\/v2\/pages\/243\/revisions"}],"predecessor-version":[{"id":245,"href":"https:\/\/www.sinnatural.com.br\/sindicato\/wp-json\/wp\/v2\/pages\/243\/revisions\/245"}],"wp:attachment":[{"href":"https:\/\/www.sinnatural.com.br\/sindicato\/wp-json\/wp\/v2\/media?parent=243"}],"curies":[{"name":"wp","href":"https:\/\/api.w.org\/{rel}","templated":true}]}}