{"id":246,"date":"2016-01-13T15:13:02","date_gmt":"2016-01-13T18:13:02","guid":{"rendered":"http:\/\/www.sinnatural.com.br\/?page_id=246"},"modified":"2017-06-20T10:27:37","modified_gmt":"2017-06-20T13:27:37","slug":"parceiros-2","status":"publish","type":"page","link":"https:\/\/www.sinnatural.com.br\/sindicato\/parceiros-2\/","title":{"rendered":"PARCEIROS"},"content":{"rendered":"<h1><strong>FARM\u00c1CIA ATMA<\/strong><\/h1>\n<p><em>(<strong>10%<\/strong> de desconto para Afiliados do Sinnatural na compra \u00e0 vista de homeopatias)<\/em> \u2013 Site: <a title=\"Farm\u00e1cia Atma\" href=\"http:\/\/www.atmafarma.com.br\/\">www.atmafarma.com.br<\/a><\/p>\n<ul>\n<li>Av. Coronel Jos\u00e9 Dias Bicalho, 1002, S\u00e3o Luiz \u2013 BHTE \u2013 MG, Cep \u2013 31.275-050 \u2013 fones: 3492-8861 \/ 3441-4377 \u2013 email \u2013 saoluiz@atmafarma.com.br.<\/li>\n<\/ul>\n<ul>\n<li>Rua Monteiro Lobato, 215, Ouro Preto, Belo Horizonte \u2013 MG, Cep 31.310-530 \u2013 fones:2512-3518 \/ 3498-2513 \u2013 e-mail \u2013 ouropreto@atmafarma.com.br.<\/li>\n<\/ul>\n<ul>\n<li>Rua Rodrigues Caldas, 766, Santo Agostinho, Belo Horizonte \u2013 MG, Cep 30.190-120 \u2013 fones 3291-0086 \/ 3337-2622 \u2013 e-mail \u2013 santoagostinho@atmafarma.com.br.<\/li>\n<\/ul>\n<hr \/>\n<h1><\/h1>\n<h1><strong>INSTITUTO S\u00c3O FRANCISCO DE ASSIS<\/strong><\/h1>\n<h1><strong>Cursos em Terapias Naturais<\/strong><\/h1>\n<p>Rua Arnaldo Cathoud, n. 151, Bairro Bra\u00fanas<\/p>\n<p>Belo Horizonte \u2013 MG, CEP 31.370-290.<\/p>\n<p>Fone (31) 3447-6456<\/p>\n<p>Site:\u00a0<a title=\"Instituto S\u00e3o Francisco de Assis\" href=\"http:\/\/www.insfa.com.br\/\">www.insfa.com.br<\/a><\/p>\n<p>e-mail de contato: contato@insfa.com.br<\/p>\n<p>_____________________________________________________<\/p>\n<h1><strong>HOMEOPATIAS.COM<\/strong><\/h1>\n<p>(Descontos para associados do Sinnatural)<\/p>\n<p>Cursos de Especializa\u00e7\u00e3o &#8220;Lato Sensu&#8221; e de extens\u00e3o em Homeopatia<\/p>\n<p>Site &#8211;\u00a0<em>http:\/\/homeopatias.com\/<\/em><\/p>\n<p>email -&gt; duvidahomeopatia@terra.com.br<br \/>\ntelefone -&gt; (31) 3439-2500 | 3439-2501<br \/>\ntelefone -&gt; 3003-6777 &#8211; Custo de chamada local de qualquer localidade.<br \/>\nDe Segunda \u00e0 sexta, das 8h:00min \u00e0s 17h:00min<\/p>\n","protected":false},"excerpt":{"rendered":"<p>FARM\u00c1CIA ATMA (10% de desconto para Afiliados do Sinnatural na compra \u00e0 vista de homeopatias) \u2013 Site: www.atmafarma.com.br Av. Coronel Jos\u00e9 Dias Bicalho, 1002, S\u00e3o Luiz \u2013 BHTE \u2013 MG, Cep \u2013 31.275-050 \u2013 fones: 3492-8861 \/ 3441-4377 \u2013 email \u2013 saoluiz@atmafarma.com.br. Rua Monteiro Lobato, 215, Ouro Preto, Belo Horizonte \u2013 MG, Cep 31.310-530 \u2013 [&hellip;]<\/p>\n","protected":false},"author":1,"featured_media":0,"parent":0,"menu_order":0,"comment_status":"closed","ping_status":"closed","template":"","meta":{"footnotes":""},"class_list":["post-246","page","type-page","status-publish","hentry"],"_links":{"self":[{"href":"https:\/\/www.sinnatural.com.br\/sindicato\/wp-json\/wp\/v2\/pages\/246","targetHints":{"allow":["GET"]}}],"collection":[{"href":"https:\/\/www.sinnatural.com.br\/sindicato\/wp-json\/wp\/v2\/pages"}],"about":[{"href":"https:\/\/www.sinnatural.com.br\/sindicato\/wp-json\/wp\/v2\/types\/page"}],"author":[{"embeddable":true,"href":"https:\/\/www.sinnatural.com.br\/sindicato\/wp-json\/wp\/v2\/users\/1"}],"replies":[{"embeddable":true,"href":"https:\/\/www.sinnatural.com.br\/sindicato\/wp-json\/wp\/v2\/comments?post=246"}],"version-history":[{"count":1,"href":"https:\/\/www.sinnatural.com.br\/sindicato\/wp-json\/wp\/v2\/pages\/246\/revisions"}],"predecessor-version":[{"id":248,"href":"https:\/\/www.sinnatural.com.br\/sindicato\/wp-json\/wp\/v2\/pages\/246\/revisions\/248"}],"wp:attachment":[{"href":"https:\/\/www.sinnatural.com.br\/sindicato\/wp-json\/wp\/v2\/media?parent=246"}],"curies":[{"name":"wp","href":"https:\/\/api.w.org\/{rel}","templated":true}]}}