{"id":356,"date":"2021-04-07T17:12:14","date_gmt":"2021-04-07T20:12:14","guid":{"rendered":"https:\/\/www.sinnatural.com.br\/?page_id=356"},"modified":"2021-04-07T17:33:30","modified_gmt":"2021-04-07T20:33:30","slug":"parceria-sinnatural","status":"publish","type":"page","link":"https:\/\/www.sinnatural.com.br\/sindicato\/parceria-sinnatural\/","title":{"rendered":"Parceria SINNATURAL"},"content":{"rendered":"<p><strong>NOVA PARCERIA DO SINNATURAL!<\/strong><\/p>\n<p>Aproveite os descontos.<\/p>\n<p style=\"text-align: justify;\"><a href=\"https:\/\/www.sinnatural.com.br\/wp-content\/uploads\/2021\/04\/LOGO_IBH_FOTO_300px.png\"><img loading=\"lazy\" decoding=\"async\" class=\"size-medium wp-image-361 alignleft\" src=\"https:\/\/www.sinnatural.com.br\/wp-content\/uploads\/2021\/04\/LOGO_IBH_FOTO_300px.png\" alt=\"\" width=\"300\" height=\"166\" \/><\/a>O <strong>Sinnatural<\/strong> est\u00e1 com uma nova parceria com o \u201cCurso de Ci\u00eancia da Homeopatia\u201d ao n\u00edvel de P\u00f3s-gradua\u00e7\u00e3o e Extens\u00e3o. <strong>Filiados do Sinnatural<\/strong>\u00a0 ter\u00e3o desconto de 20% nas mensalidades durante todo o curso, caso mantenham os pagamentos em dia. E os alunos do Curso que se afiliarem ao Sinnatural, ter\u00e3o descontos na anuidade e receber\u00e3o seus registros sem custos adicionais.<\/p>\n<p style=\"text-align: justify;\">Entre em contato com o Sinnatural e com o Homeopatias.com e recebam mais orienta\u00e7\u00f5es (<a href=\"https:\/\/www.sinnatural.com.br\">www.sinnatural.com.br<\/a>), (<a title=\"www.homeopatias.com\" href=\"https:\/\/www.homeopatias.com\" target=\"_blank\" rel=\"noopener noreferrer\">www.homeopatias.com<\/a>)<\/p>\n","protected":false},"excerpt":{"rendered":"<p>NOVA PARCERIA DO SINNATURAL! Aproveite os descontos. O Sinnatural est\u00e1 com uma nova parceria com o \u201cCurso de Ci\u00eancia da Homeopatia\u201d ao n\u00edvel de P\u00f3s-gradua\u00e7\u00e3o e Extens\u00e3o. Filiados do Sinnatural\u00a0 ter\u00e3o desconto de 20% nas mensalidades durante todo o curso, caso mantenham os pagamentos em dia. E os alunos do Curso que se afiliarem ao [&hellip;]<\/p>\n","protected":false},"author":1,"featured_media":0,"parent":0,"menu_order":0,"comment_status":"closed","ping_status":"closed","template":"","meta":{"footnotes":""},"class_list":["post-356","page","type-page","status-publish","hentry"],"_links":{"self":[{"href":"https:\/\/www.sinnatural.com.br\/sindicato\/wp-json\/wp\/v2\/pages\/356","targetHints":{"allow":["GET"]}}],"collection":[{"href":"https:\/\/www.sinnatural.com.br\/sindicato\/wp-json\/wp\/v2\/pages"}],"about":[{"href":"https:\/\/www.sinnatural.com.br\/sindicato\/wp-json\/wp\/v2\/types\/page"}],"author":[{"embeddable":true,"href":"https:\/\/www.sinnatural.com.br\/sindicato\/wp-json\/wp\/v2\/users\/1"}],"replies":[{"embeddable":true,"href":"https:\/\/www.sinnatural.com.br\/sindicato\/wp-json\/wp\/v2\/comments?post=356"}],"version-history":[{"count":5,"href":"https:\/\/www.sinnatural.com.br\/sindicato\/wp-json\/wp\/v2\/pages\/356\/revisions"}],"predecessor-version":[{"id":358,"href":"https:\/\/www.sinnatural.com.br\/sindicato\/wp-json\/wp\/v2\/pages\/356\/revisions\/358"}],"wp:attachment":[{"href":"https:\/\/www.sinnatural.com.br\/sindicato\/wp-json\/wp\/v2\/media?parent=356"}],"curies":[{"name":"wp","href":"https:\/\/api.w.org\/{rel}","templated":true}]}}